{"id":210,"date":"2025-09-03T10:03:12","date_gmt":"2025-09-03T10:03:12","guid":{"rendered":"https:\/\/renovabarrels.com\/?page_id=210"},"modified":"2025-12-01T09:54:40","modified_gmt":"2025-12-01T09:54:40","slug":"productos-y-representaciones","status":"publish","type":"page","link":"https:\/\/renovabarrels.com\/en\/productos-y-representaciones\/","title":{"rendered":"Products and Representations"},"content":{"rendered":"<style>.elementor-210 .elementor-element.elementor-element-616b1ac6:not(.elementor-motion-effects-element-type-background), .elementor-210 .elementor-element.elementor-element-616b1ac6 > .elementor-motion-effects-container > .elementor-motion-effects-layer{background-color:#470408;background-position:center center;background-repeat:no-repeat;background-size:cover;}.elementor-210 .elementor-element.elementor-element-616b1ac6 > .elementor-background-overlay{background-color:#72070D;opacity:0.1;transition:background 0.3s, border-radius 0.3s, opacity 0.3s;}.elementor-210 .elementor-element.elementor-element-616b1ac6{transition:background 0.3s, border 0.3s, border-radius 0.3s, box-shadow 0.3s;margin-top:-215px;margin-bottom:0px;padding:200px 0px 150px 0px;}.elementor-210 .elementor-element.elementor-element-5e11e878 > .elementor-element-populated{margin:0px 0px 0px 0px;--e-column-margin-right:0px;--e-column-margin-left:0px;padding:0px 0px 0px 0px;}.elementor-210 .elementor-element.elementor-element-6ae2c1f7{padding:0px 0px 0px 0px;}.elementor-bc-flex-widget .elementor-210 .elementor-element.elementor-element-4cf8a00a.elementor-column .elementor-widget-wrap{align-items:center;}.elementor-210 .elementor-element.elementor-element-4cf8a00a.elementor-column.elementor-element[data-element_type=\"column\"] > .elementor-widget-wrap.elementor-element-populated{align-content:center;align-items:center;}.elementor-210 .elementor-element.elementor-element-4cf8a00a.elementor-column > .elementor-widget-wrap{justify-content:center;}.elementor-210 .elementor-element.elementor-element-65e7fb7f{width:var( --container-widget-width, 70% );max-width:70%;margin:0px 0px calc(var(--kit-widget-spacing, 0px) + 0px) 0px;--container-widget-width:70%;--container-widget-flex-grow:0;text-align:center;}.elementor-210 .elementor-element.elementor-element-65e7fb7f .elementor-heading-title{font-family:\"Cormorant SC\", Sans-serif;font-size:30px;font-weight:600;line-height:1em;color:var( --e-global-color-4b731a9 );}.elementor-210 .elementor-element.elementor-element-483fffe:not(.elementor-motion-effects-element-type-background), .elementor-210 .elementor-element.elementor-element-483fffe > .elementor-motion-effects-container > .elementor-motion-effects-layer{background-image:url(\"https:\/\/renovabarrels.com\/wp-content\/uploads\/2025\/09\/kraft-paper-texture.jpg\");background-position:center right;background-repeat:no-repeat;background-size:cover;}.elementor-210 .elementor-element.elementor-element-483fffe > .elementor-background-overlay{background-color:var( --e-global-color-01c8714 );opacity:0.8;transition:background 0.3s, border-radius 0.3s, opacity 0.3s;}.elementor-210 .elementor-element.elementor-element-483fffe{transition:background 0.3s, border 0.3s, border-radius 0.3s, box-shadow 0.3s;padding:120px 0px 100px 0px;}.elementor-bc-flex-widget .elementor-210 .elementor-element.elementor-element-b7afd59.elementor-column .elementor-widget-wrap{align-items:center;}.elementor-210 .elementor-element.elementor-element-b7afd59.elementor-column.elementor-element[data-element_type=\"column\"] > .elementor-widget-wrap.elementor-element-populated{align-content:center;align-items:center;}.elementor-210 .elementor-element.elementor-element-b7afd59 > .elementor-element-populated{margin:0px 0px 0px 0px;--e-column-margin-right:0px;--e-column-margin-left:0px;padding:00px 90px 50px 0px;}.elementor-210 .elementor-element.elementor-element-b7afd59{z-index:1;}.elementor-210 .elementor-element.elementor-element-277c8db{text-align:center;}.elementor-210 .elementor-element.elementor-element-277c8db img{width:67%;}.elementor-210 .elementor-element.elementor-element-1839a8c{margin:0px 0px calc(var(--kit-widget-spacing, 0px) + 00px) 0px;text-align:center;font-family:\"Montserrat\", Sans-serif;font-size:18px;font-weight:400;font-style:normal;line-height:1.6em;color:var( --e-global-color-40c5efe );}.elementor-210 .elementor-element.elementor-element-af6a1c3 .elementor-button{background-color:var( --e-global-color-c2e7617 );font-family:var( --e-global-typography-accent-font-family ), Sans-serif;font-weight:var( --e-global-typography-accent-font-weight );fill:var( --e-global-color-4b731a9 );color:var( --e-global-color-4b731a9 );border-radius:0px 0px 0px 0px;padding:20px 32px 20px 32px;}.elementor-210 .elementor-element.elementor-element-5bd5b45:not(.elementor-motion-effects-element-type-background) > .elementor-widget-wrap, .elementor-210 .elementor-element.elementor-element-5bd5b45 > .elementor-widget-wrap > .elementor-motion-effects-container > .elementor-motion-effects-layer{background-image:url(\"https:\/\/renovabarrels.com\/wp-content\/uploads\/2025\/10\/466971795_18024570398563916_2435263538818661960_n.jpg\");background-position:center center;background-size:cover;}.elementor-210 .elementor-element.elementor-element-5bd5b45 > .elementor-element-populated, .elementor-210 .elementor-element.elementor-element-5bd5b45 > .elementor-element-populated > .elementor-background-overlay, .elementor-210 .elementor-element.elementor-element-5bd5b45 > .elementor-background-slideshow{border-radius:250px 250px 0px 0px;}.elementor-210 .elementor-element.elementor-element-5bd5b45 > .elementor-element-populated{transition:background 0.3s, border 0.3s, border-radius 0.3s, box-shadow 0.3s;}.elementor-210 .elementor-element.elementor-element-5bd5b45 > .elementor-element-populated > .elementor-background-overlay{transition:background 0.3s, border-radius 0.3s, opacity 0.3s;}.elementor-210 .elementor-element.elementor-element-69101b2{--spacer-size:50px;}.elementor-210 .elementor-element.elementor-element-3accc20:not(.elementor-motion-effects-element-type-background), .elementor-210 .elementor-element.elementor-element-3accc20 > .elementor-motion-effects-container > .elementor-motion-effects-layer{background-image:url(\"https:\/\/renovabarrels.com\/wp-content\/uploads\/2025\/09\/kraft-paper-texture.jpg\");background-position:center right;background-repeat:no-repeat;background-size:cover;}.elementor-210 .elementor-element.elementor-element-3accc20 > .elementor-background-overlay{background-color:var( --e-global-color-5421969 );opacity:0.8;transition:background 0.3s, border-radius 0.3s, opacity 0.3s;}.elementor-210 .elementor-element.elementor-element-3accc20{transition:background 0.3s, border 0.3s, border-radius 0.3s, box-shadow 0.3s;padding:120px 0px 100px 0px;}.elementor-210 .elementor-element.elementor-element-37d736d:not(.elementor-motion-effects-element-type-background) > .elementor-widget-wrap, .elementor-210 .elementor-element.elementor-element-37d736d > .elementor-widget-wrap > .elementor-motion-effects-container > .elementor-motion-effects-layer{background-image:url(\"https:\/\/renovabarrels.com\/wp-content\/uploads\/2025\/11\/image-1.webp\");background-position:center center;background-repeat:no-repeat;background-size:cover;}.elementor-bc-flex-widget .elementor-210 .elementor-element.elementor-element-37d736d.elementor-column .elementor-widget-wrap{align-items:center;}.elementor-210 .elementor-element.elementor-element-37d736d.elementor-column.elementor-element[data-element_type=\"column\"] > .elementor-widget-wrap.elementor-element-populated{align-content:center;align-items:center;}.elementor-210 .elementor-element.elementor-element-37d736d > .elementor-element-populated, .elementor-210 .elementor-element.elementor-element-37d736d > .elementor-element-populated > .elementor-background-overlay, .elementor-210 .elementor-element.elementor-element-37d736d > .elementor-background-slideshow{border-radius:250px 250px 0px 0px;}.elementor-210 .elementor-element.elementor-element-37d736d > .elementor-element-populated{transition:background 0.3s, border 0.3s, border-radius 0.3s, box-shadow 0.3s;margin:0px 40px 0px 0px;--e-column-margin-right:40px;--e-column-margin-left:0px;padding:0px 0px 0px 0px;}.elementor-210 .elementor-element.elementor-element-37d736d > .elementor-element-populated > .elementor-background-overlay{transition:background 0.3s, border-radius 0.3s, opacity 0.3s;}.elementor-210 .elementor-element.elementor-element-d23db8b{--spacer-size:50px;}.elementor-bc-flex-widget .elementor-210 .elementor-element.elementor-element-f3f536b.elementor-column .elementor-widget-wrap{align-items:center;}.elementor-210 .elementor-element.elementor-element-f3f536b.elementor-column.elementor-element[data-element_type=\"column\"] > .elementor-widget-wrap.elementor-element-populated{align-content:center;align-items:center;}.elementor-210 .elementor-element.elementor-element-f3f536b > .elementor-element-populated{margin:0px 0px 0px 0px;--e-column-margin-right:0px;--e-column-margin-left:0px;padding:120px 0px 50px 0px;}.elementor-210 .elementor-element.elementor-element-f3f536b{z-index:1;}.elementor-210 .elementor-element.elementor-element-334e60b{margin:0px 100px calc(var(--kit-widget-spacing, 0px) + 0px) 0px;padding:0px 100px 0px 0px;}.elementor-210 .elementor-element.elementor-element-334e60b .elementor-heading-title{font-family:\"Cormorant SC\", Sans-serif;font-size:30px;font-weight:600;line-height:1em;color:var( --e-global-color-84b9107 );}.elementor-210 .elementor-element.elementor-element-dc86d83{margin:0px 0px calc(var(--kit-widget-spacing, 0px) + 20px) 0px;padding:0px 100px 0px 0px;text-align:left;font-family:\"Montserrat\", Sans-serif;font-size:16px;font-weight:400;font-style:normal;line-height:1.6em;color:var( --e-global-color-40c5efe );}.elementor-210 .elementor-element.elementor-element-cab6664 .elementor-button{background-color:var( --e-global-color-c2e7617 );font-family:var( --e-global-typography-accent-font-family ), Sans-serif;font-weight:var( --e-global-typography-accent-font-weight );fill:var( --e-global-color-4b731a9 );color:var( --e-global-color-4b731a9 );border-radius:0px 0px 0px 0px;padding:20px 32px 20px 32px;}.elementor-210 .elementor-element.elementor-element-cab6664 .elementor-button-content-wrapper{flex-direction:row;}@media(max-width:1024px){.elementor-210 .elementor-element.elementor-element-483fffe{padding:80px 10px 80px 10px;}.elementor-210 .elementor-element.elementor-element-b7afd59 > .elementor-element-populated{padding:0px 0px 40px 0px;}.elementor-210 .elementor-element.elementor-element-3accc20{padding:80px 10px 80px 10px;}.elementor-210 .elementor-element.elementor-element-f3f536b > .elementor-element-populated{padding:0px 0px 40px 0px;}}@media(max-width:767px){.elementor-210 .elementor-element.elementor-element-616b1ac6{margin-top:-300px;margin-bottom:0px;padding:12em 1em 5em 1em;}.elementor-210 .elementor-element.elementor-element-65e7fb7f{width:100%;max-width:100%;}.elementor-210 .elementor-element.elementor-element-65e7fb7f .elementor-heading-title{font-size:30px;}.elementor-210 .elementor-element.elementor-element-b7afd59 > .elementor-element-populated{padding:0px 0px 40px 0px;}.elementor-210 .elementor-element.elementor-element-1839a8c{font-size:18px;}.elementor-210 .elementor-element.elementor-element-af6a1c3{margin:0px 0px calc(var(--kit-widget-spacing, 0px) + 0px) 0px;}.elementor-210 .elementor-element.elementor-element-69101b2{--spacer-size:451px;}.elementor-210 .elementor-element.elementor-element-37d736d > .elementor-element-populated{margin:0px 0px 0px 0px;--e-column-margin-right:0px;--e-column-margin-left:0px;padding:100px 0px 100px 0px;}.elementor-210 .elementor-element.elementor-element-d23db8b{--spacer-size:169px;}.elementor-210 .elementor-element.elementor-element-f3f536b > .elementor-element-populated{padding:0px 0px 40px 0px;}.elementor-210 .elementor-element.elementor-element-334e60b{margin:30px 0px calc(var(--kit-widget-spacing, 0px) + 0px) 0px;padding:0px 0px 0px 0px;text-align:center;}.elementor-210 .elementor-element.elementor-element-334e60b .elementor-heading-title{font-size:30px;}.elementor-210 .elementor-element.elementor-element-dc86d83{padding:0px 0px 0px 0px;text-align:center;}.elementor-210 .elementor-element.elementor-element-cab6664{margin:0px 0px calc(var(--kit-widget-spacing, 0px) + 0px) 0px;}}@media(min-width:768px){.elementor-210 .elementor-element.elementor-element-b7afd59{width:49.963%;}.elementor-210 .elementor-element.elementor-element-5bd5b45{width:50%;}.elementor-210 .elementor-element.elementor-element-37d736d{width:37.608%;}.elementor-210 .elementor-element.elementor-element-f3f536b{width:62.355%;}}@media(max-width:1024px) and (min-width:768px){.elementor-210 .elementor-element.elementor-element-b7afd59{width:100%;}.elementor-210 .elementor-element.elementor-element-5bd5b45{width:100%;}.elementor-210 .elementor-element.elementor-element-37d736d{width:100%;}.elementor-210 .elementor-element.elementor-element-f3f536b{width:100%;}}<\/style>\t\t<div data-elementor-type=\"wp-page\" data-elementor-id=\"210\" class=\"elementor elementor-210\" data-elementor-post-type=\"page\">\n\t\t\t\t\t\t<section class=\"elementor-section elementor-top-section elementor-element elementor-element-616b1ac6 elementor-section-boxed elementor-section-height-default elementor-section-height-default\" data-id=\"616b1ac6\" data-element_type=\"section\" data-settings=\"{&quot;background_background&quot;:&quot;classic&quot;}\">\n\t\t\t\t\t\t\t<div class=\"elementor-background-overlay\"><\/div>\n\t\t\t\t\t\t\t<div class=\"elementor-container elementor-column-gap-no\">\n\t\t\t\t\t<div class=\"elementor-column elementor-col-100 elementor-top-column elementor-element elementor-element-5e11e878\" data-id=\"5e11e878\" data-element_type=\"column\">\n\t\t\t<div class=\"elementor-widget-wrap elementor-element-populated\">\n\t\t\t\t\t<div class=\"elementor-background-overlay\"><\/div>\n\t\t\t\t\t\t<section class=\"elementor-section elementor-inner-section elementor-element elementor-element-6ae2c1f7 elementor-section-boxed elementor-section-height-default elementor-section-height-default\" data-id=\"6ae2c1f7\" data-element_type=\"section\">\n\t\t\t\t\t\t<div class=\"elementor-container elementor-column-gap-no\">\n\t\t\t\t\t<div class=\"elementor-column elementor-col-100 elementor-inner-column elementor-element elementor-element-4cf8a00a\" data-id=\"4cf8a00a\" data-element_type=\"column\">\n\t\t\t<div class=\"elementor-widget-wrap elementor-element-populated\">\n\t\t\t\t\t\t<div class=\"elementor-element elementor-element-65e7fb7f elementor-widget__width-initial elementor-widget-mobile__width-inherit elementor-widget elementor-widget-heading\" data-id=\"65e7fb7f\" data-element_type=\"widget\" data-widget_type=\"heading.default\">\n\t\t\t\t\t<h2 class=\"elementor-heading-title elementor-size-default\">We are exclusive representatives for South America of a prestige brand world.<\/h2>\t\t\t\t<\/div>\n\t\t\t\t\t<\/div>\n\t\t<\/div>\n\t\t\t\t\t<\/div>\n\t\t<\/section>\n\t\t\t\t\t<\/div>\n\t\t<\/div>\n\t\t\t\t\t<\/div>\n\t\t<\/section>\n\t\t\t\t<section class=\"elementor-section elementor-top-section elementor-element elementor-element-483fffe elementor-section-boxed elementor-section-height-default elementor-section-height-default\" data-id=\"483fffe\" data-element_type=\"section\" data-settings=\"{&quot;background_background&quot;:&quot;classic&quot;}\">\n\t\t\t\t\t\t\t<div class=\"elementor-background-overlay\"><\/div>\n\t\t\t\t\t\t\t<div class=\"elementor-container elementor-column-gap-no\">\n\t\t\t\t\t<div class=\"elementor-column elementor-col-50 elementor-top-column elementor-element elementor-element-b7afd59\" data-id=\"b7afd59\" data-element_type=\"column\">\n\t\t\t<div class=\"elementor-widget-wrap elementor-element-populated\">\n\t\t\t\t\t\t<div class=\"elementor-element elementor-element-277c8db elementor-widget elementor-widget-image\" data-id=\"277c8db\" data-element_type=\"widget\" data-widget_type=\"image.default\">\n\t\t\t\t\t\t\t\t\t\t\t\t\t\t\t<img fetchpriority=\"high\" decoding=\"async\" width=\"800\" height=\"707\" src=\"https:\/\/renovabarrels.com\/wp-content\/uploads\/2025\/10\/Screenshot-2025-10-17-at-9.42.06-AM.png\" class=\"attachment-large size-large wp-image-852\" alt=\"\" srcset=\"https:\/\/renovabarrels.com\/wp-content\/uploads\/2025\/10\/Screenshot-2025-10-17-at-9.42.06-AM.png 980w, https:\/\/renovabarrels.com\/wp-content\/uploads\/2025\/10\/Screenshot-2025-10-17-at-9.42.06-AM-300x265.png 300w, https:\/\/renovabarrels.com\/wp-content\/uploads\/2025\/10\/Screenshot-2025-10-17-at-9.42.06-AM-768x679.png 768w\" sizes=\"(max-width: 800px) 100vw, 800px\" \/>\t\t\t\t\t\t\t\t\t\t\t\t\t\t\t<\/div>\n\t\t\t\t<div class=\"elementor-element elementor-element-1839a8c elementor-widget elementor-widget-text-editor\" data-id=\"1839a8c\" data-element_type=\"widget\" data-widget_type=\"text-editor.default\">\n\t\t\t\t\t\t\t\t\t<p><strong data-start=\"115\" data-end=\"129\">Stockinger<\/strong><br data-start=\"129\" data-end=\"132\" \/>Fudres of austrian origin, are present in the high range wines of the region.<\/p>\t\t\t\t\t\t\t\t<\/div>\n\t\t\t\t<div class=\"elementor-element elementor-element-af6a1c3 elementor-mobile-align-center elementor-align-center elementor-widget elementor-widget-button\" data-id=\"af6a1c3\" data-element_type=\"widget\" data-widget_type=\"button.default\">\n\t\t\t\t\t\t\t\t\t\t<a class=\"elementor-button elementor-button-link elementor-size-sm\" href=\"#\">\n\t\t\t\t\t\t<span class=\"elementor-button-content-wrapper\">\n\t\t\t\t\t\t\t\t\t<span class=\"elementor-button-text\">Listed now<\/span>\n\t\t\t\t\t<\/span>\n\t\t\t\t\t<\/a>\n\t\t\t\t\t\t\t\t<\/div>\n\t\t\t\t\t<\/div>\n\t\t<\/div>\n\t\t\t\t<div class=\"elementor-column elementor-col-50 elementor-top-column elementor-element elementor-element-5bd5b45\" data-id=\"5bd5b45\" data-element_type=\"column\" data-settings=\"{&quot;background_background&quot;:&quot;classic&quot;}\">\n\t\t\t<div class=\"elementor-widget-wrap elementor-element-populated\">\n\t\t\t\t\t\t<div class=\"elementor-element elementor-element-69101b2 elementor-widget elementor-widget-spacer\" data-id=\"69101b2\" data-element_type=\"widget\" data-widget_type=\"spacer.default\">\n\t\t\t\t\t\t\t<div class=\"elementor-spacer\">\n\t\t\t<div class=\"elementor-spacer-inner\"><\/div>\n\t\t<\/div>\n\t\t\t\t\t\t<\/div>\n\t\t\t\t\t<\/div>\n\t\t<\/div>\n\t\t\t\t\t<\/div>\n\t\t<\/section>\n\t\t\t\t<section class=\"elementor-section elementor-top-section elementor-element elementor-element-3accc20 elementor-section-boxed elementor-section-height-default elementor-section-height-default\" data-id=\"3accc20\" data-element_type=\"section\" data-settings=\"{&quot;background_background&quot;:&quot;classic&quot;}\">\n\t\t\t\t\t\t\t<div class=\"elementor-background-overlay\"><\/div>\n\t\t\t\t\t\t\t<div class=\"elementor-container elementor-column-gap-no\">\n\t\t\t\t\t<div class=\"elementor-column elementor-col-50 elementor-top-column elementor-element elementor-element-37d736d\" data-id=\"37d736d\" data-element_type=\"column\" data-settings=\"{&quot;background_background&quot;:&quot;classic&quot;}\">\n\t\t\t<div class=\"elementor-widget-wrap elementor-element-populated\">\n\t\t\t\t\t\t<div class=\"elementor-element elementor-element-d23db8b elementor-widget elementor-widget-spacer\" data-id=\"d23db8b\" data-element_type=\"widget\" data-widget_type=\"spacer.default\">\n\t\t\t\t\t\t\t<div class=\"elementor-spacer\">\n\t\t\t<div class=\"elementor-spacer-inner\"><\/div>\n\t\t<\/div>\n\t\t\t\t\t\t<\/div>\n\t\t\t\t\t<\/div>\n\t\t<\/div>\n\t\t\t\t<div class=\"elementor-column elementor-col-50 elementor-top-column elementor-element elementor-element-f3f536b\" data-id=\"f3f536b\" data-element_type=\"column\">\n\t\t\t<div class=\"elementor-widget-wrap elementor-element-populated\">\n\t\t\t\t\t\t<div class=\"elementor-element elementor-element-334e60b elementor-widget elementor-widget-heading\" data-id=\"334e60b\" data-element_type=\"widget\" data-widget_type=\"heading.default\">\n\t\t\t\t\t<h2 class=\"elementor-heading-title elementor-size-default\">Stockinger: Excellence Austrian to the Evolution of Taste<\/h2>\t\t\t\t<\/div>\n\t\t\t\t<div class=\"elementor-element elementor-element-dc86d83 elementor-widget elementor-widget-text-editor\" data-id=\"dc86d83\" data-element_type=\"widget\" data-widget_type=\"text-editor.default\">\n\t\t\t\t\t\t\t\t\t<p><b>Renova Barrels represent Stockinger, recognized cooperage austrian, with over a century of craftsmanship tradition.\u00a0<\/b><\/p><p>Their barrels are made of woods selected and processes are roasted pinpoint accuracy, add depth, balance and aromatic expression distinctive to each wine.\u00a0<\/p><p>Stockinger is a synonym of engineering, tradition and sophistication european, offering containers that elevate the character of each beverage it touches.<\/p>\t\t\t\t\t\t\t\t<\/div>\n\t\t\t\t<div class=\"elementor-element elementor-element-cab6664 elementor-mobile-align-center elementor-widget elementor-widget-button\" data-id=\"cab6664\" data-element_type=\"widget\" data-widget_type=\"button.default\">\n\t\t\t\t\t\t\t\t\t\t<a class=\"elementor-button elementor-button-link elementor-size-sm\" href=\"#elementor-action%3Aaction%3Dlightbox%26settings%3DeyJ0eXBlIjoidmlkZW8iLCJ2aWRlb1R5cGUiOiJob3N0ZWQiLCJ1cmwiOiJodHRwczpcL1wvcmVub3ZhYmFycmVscy5jb21cL3dwLWNvbnRlbnRcL3VwbG9hZHNcLzIwMjVcLzExXC9SZWVsLVJlbm92YS1CYXJyZWxzLUZpbmFsLm1wNCJ9\">\n\t\t\t\t\t\t<span class=\"elementor-button-content-wrapper\">\n\t\t\t\t\t\t<span class=\"elementor-button-icon\">\n\t\t\t\t<i aria-hidden=\"true\" class=\"jki jki-play-button-light\"><\/i>\t\t\t<\/span>\n\t\t\t\t\t\t\t\t\t<span class=\"elementor-button-text\">VIEW VIDEO<\/span>\n\t\t\t\t\t<\/span>\n\t\t\t\t\t<\/a>\n\t\t\t\t\t\t\t\t<\/div>\n\t\t\t\t\t<\/div>\n\t\t<\/div>\n\t\t\t\t\t<\/div>\n\t\t<\/section>\n\t\t\t\t<\/div>","protected":false},"excerpt":{"rendered":"<p>Somos representantes exclusivos para Am\u00e9rica del Sur de una marca de prestigio mundial. StockingerFudres de origen austriaco, estamos presente en los vinos de alta gama de la regi\u00f3n. Cotiza ahora Stockinger: Excelencia Austriaca para la Evoluci\u00f3n del Sabor En Renova Barrels representamos a Stockinger, reconocida toneler\u00eda austr\u00edaca con m\u00e1s de un siglo de tradici\u00f3n artesanal.\u00a0 [&hellip;]<\/p>","protected":false},"author":1,"featured_media":0,"parent":0,"menu_order":5,"comment_status":"closed","ping_status":"closed","template":"elementor_theme","meta":{"footnotes":""},"class_list":["post-210","page","type-page","status-publish","hentry"],"_links":{"self":[{"href":"https:\/\/renovabarrels.com\/en\/wp-json\/wp\/v2\/pages\/210","targetHints":{"allow":["GET"]}}],"collection":[{"href":"https:\/\/renovabarrels.com\/en\/wp-json\/wp\/v2\/pages"}],"about":[{"href":"https:\/\/renovabarrels.com\/en\/wp-json\/wp\/v2\/types\/page"}],"author":[{"embeddable":true,"href":"https:\/\/renovabarrels.com\/en\/wp-json\/wp\/v2\/users\/1"}],"replies":[{"embeddable":true,"href":"https:\/\/renovabarrels.com\/en\/wp-json\/wp\/v2\/comments?post=210"}],"version-history":[{"count":34,"href":"https:\/\/renovabarrels.com\/en\/wp-json\/wp\/v2\/pages\/210\/revisions"}],"predecessor-version":[{"id":1147,"href":"https:\/\/renovabarrels.com\/en\/wp-json\/wp\/v2\/pages\/210\/revisions\/1147"}],"wp:attachment":[{"href":"https:\/\/renovabarrels.com\/en\/wp-json\/wp\/v2\/media?parent=210"}],"curies":[{"name":"wp","href":"https:\/\/api.w.org\/{rel}","templated":true}]}}