{"id":1008,"date":"2025-11-15T20:28:14","date_gmt":"2025-11-15T20:28:14","guid":{"rendered":"https:\/\/renovabarrels.com\/?page_id=1008"},"modified":"2025-11-16T20:18:21","modified_gmt":"2025-11-16T20:18:21","slug":"gracias","status":"publish","type":"page","link":"https:\/\/renovabarrels.com\/en\/contacto\/gracias\/","title":{"rendered":"Gracias"},"content":{"rendered":"<style>.elementor-1008 .elementor-element.elementor-element-50a197d0:not(.elementor-motion-effects-element-type-background), .elementor-1008 .elementor-element.elementor-element-50a197d0 > .elementor-motion-effects-container > .elementor-motion-effects-layer{background-color:var( --e-global-color-primary );background-image:url(\"https:\/\/renovabarrels.com\/wp-content\/uploads\/2025\/09\/Barrels.webp\");background-position:center center;background-repeat:no-repeat;background-size:cover;}.elementor-1008 .elementor-element.elementor-element-50a197d0 > .elementor-background-overlay{background-color:#4D0C10;opacity:0.82;transition:background 0.3s, border-radius 0.3s, opacity 0.3s;}.elementor-1008 .elementor-element.elementor-element-50a197d0{transition:background 0.3s, border 0.3s, border-radius 0.3s, box-shadow 0.3s;margin-top:-116px;margin-bottom:0px;padding:200px 0px 150px 0px;}.elementor-1008 .elementor-element.elementor-element-45ddceb2 > .elementor-element-populated{margin:0px 0px 0px 0px;--e-column-margin-right:0px;--e-column-margin-left:0px;padding:0px 0px 0px 0px;}.elementor-1008 .elementor-element.elementor-element-4be8893{padding:0px 0px 0px 0px;}.elementor-bc-flex-widget .elementor-1008 .elementor-element.elementor-element-e35ccb1.elementor-column .elementor-widget-wrap{align-items:center;}.elementor-1008 .elementor-element.elementor-element-e35ccb1.elementor-column.elementor-element[data-element_type=\"column\"] > .elementor-widget-wrap.elementor-element-populated{align-content:center;align-items:center;}.elementor-1008 .elementor-element.elementor-element-e35ccb1.elementor-column > .elementor-widget-wrap{justify-content:center;}.elementor-1008 .elementor-element.elementor-element-df03f27{margin:0px 0px calc(var(--kit-widget-spacing, 0px) + 0px) 0px;text-align:center;}.elementor-1008 .elementor-element.elementor-element-df03f27 .elementor-heading-title{font-family:var( --e-global-typography-515dbef-font-family ), Sans-serif;font-size:var( --e-global-typography-515dbef-font-size );font-weight:var( --e-global-typography-515dbef-font-weight );line-height:var( --e-global-typography-515dbef-line-height );color:var( --e-global-color-4b731a9 );}.elementor-1008 .elementor-element.elementor-element-69a9e7ec > .elementor-container > .elementor-column > .elementor-widget-wrap{align-content:center;align-items:center;}.elementor-1008 .elementor-element.elementor-element-69a9e7ec:not(.elementor-motion-effects-element-type-background), .elementor-1008 .elementor-element.elementor-element-69a9e7ec > .elementor-motion-effects-container > .elementor-motion-effects-layer{background-color:var( --e-global-color-01c8714 );background-image:url(\"https:\/\/renovabarrels.com\/wp-content\/uploads\/2025\/09\/kraft-paper-texture.jpg\");background-position:bottom right;background-repeat:no-repeat;}.elementor-1008 .elementor-element.elementor-element-69a9e7ec > .elementor-background-overlay{background-color:var( --e-global-color-01c8714 );background-image:url(\"https:\/\/renovabarrels.com\/wp-content\/uploads\/2025\/09\/bg-grape-2x.png\");background-position:bottom right;background-repeat:no-repeat;opacity:0.8;transition:background 0.3s, border-radius 0.3s, opacity 0.3s;}.elementor-1008 .elementor-element.elementor-element-69a9e7ec > .elementor-container{min-height:56vh;}.elementor-1008 .elementor-element.elementor-element-69a9e7ec{transition:background 0.3s, border 0.3s, border-radius 0.3s, box-shadow 0.3s;padding:0px 0px 100px 0px;}.elementor-bc-flex-widget .elementor-1008 .elementor-element.elementor-element-6964a52a.elementor-column .elementor-widget-wrap{align-items:center;}.elementor-1008 .elementor-element.elementor-element-6964a52a.elementor-column.elementor-element[data-element_type=\"column\"] > .elementor-widget-wrap.elementor-element-populated{align-content:center;align-items:center;}.elementor-1008 .elementor-element.elementor-element-6964a52a > .elementor-element-populated{padding:0px 0px 0px 0px;}.elementor-1008 .elementor-element.elementor-element-2aebcccb{text-align:center;}.elementor-1008 .elementor-element.elementor-element-2aebcccb .elementor-heading-title{font-family:\"Cormorant SC\", Sans-serif;font-size:52px;font-weight:600;line-height:1em;color:var( --e-global-color-84b9107 );}.elementor-1008 .elementor-element.elementor-element-6fdc95e6{margin:0px 0px calc(var(--kit-widget-spacing, 0px) + 10px) 0px;padding:0px 20px 0px 0px;text-align:center;font-family:\"Montserrat\", Sans-serif;font-size:18px;font-weight:400;font-style:normal;line-height:1.6em;color:var( --e-global-color-40c5efe );}.elementor-1008 .elementor-element.elementor-element-7d7a1fdd > .elementor-element-populated{margin:0px 15px 0px 0px;--e-column-margin-right:15px;--e-column-margin-left:0px;}.elementor-1008 .elementor-element.elementor-element-19fdbea6{text-align:center;}.elementor-1008 .elementor-element.elementor-element-19fdbea6 .elementor-heading-title{font-family:\"Montserrat\", Sans-serif;font-size:18px;font-weight:500;color:var( --e-global-color-84b9107 );}.elementor-1008 .elementor-element.elementor-element-67391318{--divider-border-style:solid;--divider-color:var( --e-global-color-c88bf23 );--divider-border-width:1px;}.elementor-1008 .elementor-element.elementor-element-67391318 .elementor-divider-separator{width:100%;}.elementor-1008 .elementor-element.elementor-element-67391318 .elementor-divider{padding-block-start:2px;padding-block-end:2px;}.elementor-1008 .elementor-element.elementor-element-68a4e4f .elementor-icon-list-items:not(.elementor-inline-items) .elementor-icon-list-item:not(:last-child){padding-block-end:calc(10px\/2);}.elementor-1008 .elementor-element.elementor-element-68a4e4f .elementor-icon-list-items:not(.elementor-inline-items) .elementor-icon-list-item:not(:first-child){margin-block-start:calc(10px\/2);}.elementor-1008 .elementor-element.elementor-element-68a4e4f .elementor-icon-list-items.elementor-inline-items .elementor-icon-list-item{margin-inline:calc(10px\/2);}.elementor-1008 .elementor-element.elementor-element-68a4e4f .elementor-icon-list-items.elementor-inline-items{margin-inline:calc(-10px\/2);}.elementor-1008 .elementor-element.elementor-element-68a4e4f .elementor-icon-list-items.elementor-inline-items .elementor-icon-list-item:after{inset-inline-end:calc(-10px\/2);}.elementor-1008 .elementor-element.elementor-element-68a4e4f .elementor-icon-list-icon i{color:var( --e-global-color-c2e7617 );transition:color 0.3s;}.elementor-1008 .elementor-element.elementor-element-68a4e4f .elementor-icon-list-icon svg{fill:var( --e-global-color-c2e7617 );transition:fill 0.3s;}.elementor-1008 .elementor-element.elementor-element-68a4e4f{--e-icon-list-icon-size:14px;--icon-vertical-offset:0px;}.elementor-1008 .elementor-element.elementor-element-68a4e4f .elementor-icon-list-icon{padding-inline-end:10px;}.elementor-1008 .elementor-element.elementor-element-68a4e4f .elementor-icon-list-item > .elementor-icon-list-text, .elementor-1008 .elementor-element.elementor-element-68a4e4f .elementor-icon-list-item > a{font-family:var( --e-global-typography-d99056d-font-family ), Sans-serif;font-size:var( --e-global-typography-d99056d-font-size );font-weight:var( --e-global-typography-d99056d-font-weight );font-style:var( --e-global-typography-d99056d-font-style );line-height:var( --e-global-typography-d99056d-line-height );}.elementor-1008 .elementor-element.elementor-element-68a4e4f .elementor-icon-list-text{color:var( --e-global-color-40c5efe );transition:color 0.3s;}:root{--page-title-display:none;}@media(max-width:1024px){.elementor-1008 .elementor-element.elementor-element-df03f27 .elementor-heading-title{font-size:var( --e-global-typography-515dbef-font-size );line-height:var( --e-global-typography-515dbef-line-height );}.elementor-1008 .elementor-element.elementor-element-69a9e7ec > .elementor-background-overlay{background-size:contain;}.elementor-1008 .elementor-element.elementor-element-69a9e7ec{padding:60px 10px 40px 10px;}.elementor-1008 .elementor-element.elementor-element-62e6e42f{margin-top:0px;margin-bottom:0px;}.elementor-1008 .elementor-element.elementor-element-68a4e4f .elementor-icon-list-item > .elementor-icon-list-text, .elementor-1008 .elementor-element.elementor-element-68a4e4f .elementor-icon-list-item > a{font-size:var( --e-global-typography-d99056d-font-size );line-height:var( --e-global-typography-d99056d-line-height );}}@media(max-width:767px){.elementor-1008 .elementor-element.elementor-element-df03f27 .elementor-heading-title{font-size:var( --e-global-typography-515dbef-font-size );line-height:var( --e-global-typography-515dbef-line-height );}.elementor-1008 .elementor-element.elementor-element-69a9e7ec{margin-top:0px;margin-bottom:0px;padding:2em 1em 5em 1em;}.elementor-1008 .elementor-element.elementor-element-2aebcccb{text-align:center;}.elementor-1008 .elementor-element.elementor-element-2aebcccb .elementor-heading-title{font-size:30px;}.elementor-1008 .elementor-element.elementor-element-6fdc95e6{padding:0px 0px 0px 0px;text-align:center;font-size:16px;}.elementor-1008 .elementor-element.elementor-element-19fdbea6{text-align:center;}.elementor-1008 .elementor-element.elementor-element-19fdbea6 .elementor-heading-title{font-size:16px;}.elementor-1008 .elementor-element.elementor-element-68a4e4f .elementor-icon-list-item > .elementor-icon-list-text, .elementor-1008 .elementor-element.elementor-element-68a4e4f .elementor-icon-list-item > a{font-size:var( --e-global-typography-d99056d-font-size );line-height:var( --e-global-typography-d99056d-line-height );}}<\/style>\t\t<div data-elementor-type=\"wp-page\" data-elementor-id=\"1008\" class=\"elementor elementor-1008\" data-elementor-post-type=\"page\">\n\t\t\t\t\t\t<section class=\"elementor-section elementor-top-section elementor-element elementor-element-50a197d0 elementor-section-boxed elementor-section-height-default elementor-section-height-default\" data-id=\"50a197d0\" data-element_type=\"section\" data-settings=\"{&quot;background_background&quot;:&quot;classic&quot;}\">\n\t\t\t\t\t\t\t<div class=\"elementor-background-overlay\"><\/div>\n\t\t\t\t\t\t\t<div class=\"elementor-container elementor-column-gap-no\">\n\t\t\t\t\t<div class=\"elementor-column elementor-col-100 elementor-top-column elementor-element elementor-element-45ddceb2\" data-id=\"45ddceb2\" data-element_type=\"column\">\n\t\t\t<div class=\"elementor-widget-wrap elementor-element-populated\">\n\t\t\t\t\t<div class=\"elementor-background-overlay\"><\/div>\n\t\t\t\t\t\t<section class=\"elementor-section elementor-inner-section elementor-element elementor-element-4be8893 elementor-section-boxed elementor-section-height-default elementor-section-height-default\" data-id=\"4be8893\" data-element_type=\"section\">\n\t\t\t\t\t\t<div class=\"elementor-container elementor-column-gap-no\">\n\t\t\t\t\t<div class=\"elementor-column elementor-col-100 elementor-inner-column elementor-element elementor-element-e35ccb1\" data-id=\"e35ccb1\" data-element_type=\"column\">\n\t\t\t<div class=\"elementor-widget-wrap elementor-element-populated\">\n\t\t\t\t\t\t<div class=\"elementor-element elementor-element-df03f27 elementor-widget elementor-widget-heading\" data-id=\"df03f27\" data-element_type=\"widget\" data-widget_type=\"heading.default\">\n\t\t\t\t\t<h2 class=\"elementor-heading-title elementor-size-default\">Contact<\/h2>\t\t\t\t<\/div>\n\t\t\t\t\t<\/div>\n\t\t<\/div>\n\t\t\t\t\t<\/div>\n\t\t<\/section>\n\t\t\t\t\t<\/div>\n\t\t<\/div>\n\t\t\t\t\t<\/div>\n\t\t<\/section>\n\t\t\t\t<section class=\"elementor-section elementor-top-section elementor-element elementor-element-69a9e7ec elementor-section-content-middle elementor-section-height-min-height elementor-section-boxed elementor-section-height-default elementor-section-items-middle\" data-id=\"69a9e7ec\" data-element_type=\"section\" data-settings=\"{&quot;background_background&quot;:&quot;classic&quot;}\">\n\t\t\t\t\t\t\t<div class=\"elementor-background-overlay\"><\/div>\n\t\t\t\t\t\t\t<div class=\"elementor-container elementor-column-gap-default\">\n\t\t\t\t\t<div class=\"elementor-column elementor-col-100 elementor-top-column elementor-element elementor-element-6964a52a\" data-id=\"6964a52a\" data-element_type=\"column\">\n\t\t\t<div class=\"elementor-widget-wrap elementor-element-populated\">\n\t\t\t\t\t\t<div class=\"elementor-element elementor-element-2aebcccb elementor-widget elementor-widget-heading\" data-id=\"2aebcccb\" data-element_type=\"widget\" data-widget_type=\"heading.default\">\n\t\t\t\t\t<h2 class=\"elementor-heading-title elementor-size-default\">Gracias por contactarnos<\/h2>\t\t\t\t<\/div>\n\t\t\t\t<div class=\"elementor-element elementor-element-6fdc95e6 elementor-widget elementor-widget-text-editor\" data-id=\"6fdc95e6\" data-element_type=\"widget\" data-widget_type=\"text-editor.default\">\n\t\t\t\t\t\t\t\t\t<p>Nuestro equipo responder\u00e1 tus consultas a la brevedad posible.<\/p>\t\t\t\t\t\t\t\t<\/div>\n\t\t\t\t<section class=\"elementor-section elementor-inner-section elementor-element elementor-element-62e6e42f elementor-section-boxed elementor-section-height-default elementor-section-height-default\" data-id=\"62e6e42f\" data-element_type=\"section\">\n\t\t\t\t\t\t<div class=\"elementor-container elementor-column-gap-no\">\n\t\t\t\t\t<div class=\"elementor-column elementor-col-100 elementor-inner-column elementor-element elementor-element-7d7a1fdd\" data-id=\"7d7a1fdd\" data-element_type=\"column\">\n\t\t\t<div class=\"elementor-widget-wrap elementor-element-populated\">\n\t\t\t\t\t\t<div class=\"elementor-element elementor-element-19fdbea6 elementor-widget elementor-widget-heading\" data-id=\"19fdbea6\" data-element_type=\"widget\" data-widget_type=\"heading.default\">\n\t\t\t\t\t<h3 class=\"elementor-heading-title elementor-size-default\">Para m\u00e1s informaci\u00f3n puedes contactarnos en los siguientes canales:<\/h3>\t\t\t\t<\/div>\n\t\t\t\t<div class=\"elementor-element elementor-element-67391318 elementor-widget-divider--view-line elementor-widget elementor-widget-divider\" data-id=\"67391318\" data-element_type=\"widget\" data-widget_type=\"divider.default\">\n\t\t\t\t\t\t\t<div class=\"elementor-divider\">\n\t\t\t<span class=\"elementor-divider-separator\">\n\t\t\t\t\t\t<\/span>\n\t\t<\/div>\n\t\t\t\t\t\t<\/div>\n\t\t\t\t<div class=\"elementor-element elementor-element-68a4e4f elementor-align-center elementor-icon-list--layout-traditional elementor-list-item-link-full_width elementor-widget elementor-widget-icon-list\" data-id=\"68a4e4f\" data-element_type=\"widget\" data-widget_type=\"icon-list.default\">\n\t\t\t\t\t\t\t<ul class=\"elementor-icon-list-items\">\n\t\t\t\t\t\t\t<li class=\"elementor-icon-list-item\">\n\t\t\t\t\t\t\t\t\t\t\t<a href=\"tel:+56982933831\">\n\n\t\t\t\t\t\t\t\t\t\t\t\t<span class=\"elementor-icon-list-icon\">\n\t\t\t\t\t\t\t<svg aria-hidden=\"true\" class=\"e-font-icon-svg e-fas-phone-alt\" viewbox=\"0 0 512 512\" xmlns=\"http:\/\/www.w3.org\/2000\/svg\"><path d=\"M497.39 361.8l-112-48a24 24 0 0 0-28 6.9l-49.6 60.6A370.66 370.66 0 0 1 130.6 204.11l60.6-49.6a23.94 23.94 0 0 0 6.9-28l-48-112A24.16 24.16 0 0 0 122.6.61l-104 24A24 24 0 0 0 0 48c0 256.5 207.9 464 464 464a24 24 0 0 0 23.4-18.6l24-104a24.29 24.29 0 0 0-14.01-27.6z\"><\/path><\/svg>\t\t\t\t\t\t<\/span>\n\t\t\t\t\t\t\t\t\t\t<span class=\"elementor-icon-list-text\"> +56 9 8293 3831<\/span>\n\t\t\t\t\t\t\t\t\t\t\t<\/a>\n\t\t\t\t\t\t\t\t\t<\/li>\n\t\t\t\t\t\t\t\t<li class=\"elementor-icon-list-item\">\n\t\t\t\t\t\t\t\t\t\t\t<a href=\"mailto:jcramos@renovabarrels.com?subject=Contacto%20servicios%20\/%20Contact%20services&#038;body=Hola,%20me%20interesa%20cotizar%20sus%20servicios.Hi,%20I&#039;m%20interested%20in%20getting%20a%20quote.\">\n\n\t\t\t\t\t\t\t\t\t\t\t\t<span class=\"elementor-icon-list-icon\">\n\t\t\t\t\t\t\t<i aria-hidden=\"true\" class=\"jki jki-envelope-light\"><\/i>\t\t\t\t\t\t<\/span>\n\t\t\t\t\t\t\t\t\t\t<span class=\"elementor-icon-list-text\">jcramos@renovabarrels.com<\/span>\n\t\t\t\t\t\t\t\t\t\t\t<\/a>\n\t\t\t\t\t\t\t\t\t<\/li>\n\t\t\t\t\t\t<\/ul>\n\t\t\t\t\t\t<\/div>\n\t\t\t\t\t<\/div>\n\t\t<\/div>\n\t\t\t\t\t<\/div>\n\t\t<\/section>\n\t\t\t\t\t<\/div>\n\t\t<\/div>\n\t\t\t\t\t<\/div>\n\t\t<\/section>\n\t\t\t\t<\/div>","protected":false},"excerpt":{"rendered":"<p>Contacto Gracias por contactarnos Nuestro equipo responder\u00e1 tus consultas a la brevedad posible. Para m\u00e1s informaci\u00f3n puedes contactarnos en los siguientes canales: +56 9 8293 3831 jcramos@renovabarrels.com<\/p>","protected":false},"author":2,"featured_media":0,"parent":148,"menu_order":1,"comment_status":"closed","ping_status":"closed","template":"elementor_theme","meta":{"footnotes":""},"class_list":["post-1008","page","type-page","status-publish","hentry"],"_links":{"self":[{"href":"https:\/\/renovabarrels.com\/en\/wp-json\/wp\/v2\/pages\/1008","targetHints":{"allow":["GET"]}}],"collection":[{"href":"https:\/\/renovabarrels.com\/en\/wp-json\/wp\/v2\/pages"}],"about":[{"href":"https:\/\/renovabarrels.com\/en\/wp-json\/wp\/v2\/types\/page"}],"author":[{"embeddable":true,"href":"https:\/\/renovabarrels.com\/en\/wp-json\/wp\/v2\/users\/2"}],"replies":[{"embeddable":true,"href":"https:\/\/renovabarrels.com\/en\/wp-json\/wp\/v2\/comments?post=1008"}],"version-history":[{"count":4,"href":"https:\/\/renovabarrels.com\/en\/wp-json\/wp\/v2\/pages\/1008\/revisions"}],"predecessor-version":[{"id":1013,"href":"https:\/\/renovabarrels.com\/en\/wp-json\/wp\/v2\/pages\/1008\/revisions\/1013"}],"up":[{"embeddable":true,"href":"https:\/\/renovabarrels.com\/en\/wp-json\/wp\/v2\/pages\/148"}],"wp:attachment":[{"href":"https:\/\/renovabarrels.com\/en\/wp-json\/wp\/v2\/media?parent=1008"}],"curies":[{"name":"wp","href":"https:\/\/api.w.org\/{rel}","templated":true}]}}